{"id":692,"date":"2024-03-13T18:53:34","date_gmt":"2024-03-13T18:53:34","guid":{"rendered":"https:\/\/editionhazard.ch\/?post_type=product&#038;p=692"},"modified":"2024-03-29T07:47:05","modified_gmt":"2024-03-29T07:47:05","slug":"a-la-carte-postkartenset-juerg-wylenmann","status":"publish","type":"product","link":"https:\/\/editionhazard.ch\/?product=a-la-carte-postkartenset-juerg-wylenmann","title":{"rendered":"A la carte &#8211; Postkartenset J\u00fcrg Wylenmann"},"content":{"rendered":"<p>[ngg src=&#8220;galleries&#8220; ids=&#8220;2&#8243; display=&#8220;basic_thumbnail&#8220; thumbnail_crop=&#8220;0&#8243;]Der in Zug lebende Maler J\u00fcrg Wylenmann (*1948) geh\u00f6rt zu den stillen, best\u00e4ndigen Schaffern im schillernden Kunstbetrieb. Seine Bilder entstehen in oft monatelanger Arbeit. Obwohl abstrakt gehalten, offenbaren sie eine tiefe Emotionalit\u00e4t. Es sind Stimmungen, die ber\u00fchren \u2013 und sogar auf dem kleinen Format der Postkarte noch wirken.<\/p>\n<p>Dem Set mit 20 Motiven liegt ein Interview bei, welches Silvano Cerutti mit J\u00fcrg Wylenmann gef\u00fchrt hat.<\/p>\n<p>Kein Versand ausserhalb der Schweiz, danke f\u00fcrs Verst\u00e4ndnis.<\/p>\n<p>Bitte beachten Sie: Wir sind kein professioneller Versand. In der Regel verschicken wir Bestellungen nach sp\u00e4testens f\u00fcnf Tagen. Danke, dass Sie mit Ihrer Bestellung unsere Arbeit unterst\u00fctzen.<\/p>\n<p>&nbsp;<\/p>\n<p>&nbsp;<\/p>\n","protected":false},"excerpt":{"rendered":"<p>[ngg src=&#8220;galleries&#8220; ids=&#8220;2&#8243; display=&#8220;basic_thumbnail&#8220; thumbnail_crop=&#8220;0&#8243;]Der in Zug lebende Maler J\u00fcrg Wylenmann (*1948) geh\u00f6rt zu den stillen, best\u00e4ndigen Schaffern im schillernden Kunstbetrieb. Seine Bilder entstehen in oft monatelanger Arbeit. Obwohl abstrakt gehalten, offenbaren sie eine tiefe Emotionalit\u00e4t. Es sind Stimmungen, die ber\u00fchren \u2013 und sogar auf dem kleinen Format der Postkarte noch wirken. Dem Set mit&hellip;&nbsp;<a href=\"https:\/\/editionhazard.ch\/?product=a-la-carte-postkartenset-juerg-wylenmann\" rel=\"bookmark\">Weiterlesen &raquo;<span class=\"screen-reader-text\">A la carte &#8211; Postkartenset J\u00fcrg Wylenmann<\/span><\/a><\/p>\n","protected":false},"featured_media":702,"comment_status":"open","ping_status":"closed","template":"","meta":{"neve_meta_sidebar":"","neve_meta_container":"","neve_meta_enable_content_width":"off","neve_meta_content_width":70,"neve_meta_title_alignment":"","neve_meta_author_avatar":"","neve_post_elements_order":"","neve_meta_disable_header":"","neve_meta_disable_footer":"","neve_meta_disable_title":""},"product_brand":[],"product_cat":[15],"product_tag":[29],"class_list":{"0":"post-692","1":"product","2":"type-product","3":"status-publish","4":"has-post-thumbnail","6":"product_cat-unkategorisiert","7":"product_tag-postkartenset","9":"first","10":"instock","11":"shipping-taxable","12":"purchasable","13":"product-type-simple"},"_links":{"self":[{"href":"https:\/\/editionhazard.ch\/index.php?rest_route=\/wp\/v2\/product\/692","targetHints":{"allow":["GET"]}}],"collection":[{"href":"https:\/\/editionhazard.ch\/index.php?rest_route=\/wp\/v2\/product"}],"about":[{"href":"https:\/\/editionhazard.ch\/index.php?rest_route=\/wp\/v2\/types\/product"}],"replies":[{"embeddable":true,"href":"https:\/\/editionhazard.ch\/index.php?rest_route=%2Fwp%2Fv2%2Fcomments&post=692"}],"wp:featuredmedia":[{"embeddable":true,"href":"https:\/\/editionhazard.ch\/index.php?rest_route=\/wp\/v2\/media\/702"}],"wp:attachment":[{"href":"https:\/\/editionhazard.ch\/index.php?rest_route=%2Fwp%2Fv2%2Fmedia&parent=692"}],"wp:term":[{"taxonomy":"product_brand","embeddable":true,"href":"https:\/\/editionhazard.ch\/index.php?rest_route=%2Fwp%2Fv2%2Fproduct_brand&post=692"},{"taxonomy":"product_cat","embeddable":true,"href":"https:\/\/editionhazard.ch\/index.php?rest_route=%2Fwp%2Fv2%2Fproduct_cat&post=692"},{"taxonomy":"product_tag","embeddable":true,"href":"https:\/\/editionhazard.ch\/index.php?rest_route=%2Fwp%2Fv2%2Fproduct_tag&post=692"}],"curies":[{"name":"wp","href":"https:\/\/api.w.org\/{rel}","templated":true}]}}