{"id":630,"date":"2023-08-08T15:23:47","date_gmt":"2023-08-08T15:23:47","guid":{"rendered":"https:\/\/editionhazard.ch\/?post_type=product&#038;p=630"},"modified":"2023-08-31T21:39:33","modified_gmt":"2023-08-31T21:39:33","slug":"postkarte-bockenxxx","status":"publish","type":"product","link":"https:\/\/editionhazard.ch\/?product=postkarte-bockenxxx","title":{"rendered":"Postkarte &#8222;Bocken&#8220;"},"content":{"rendered":"<p><img loading=\"lazy\" decoding=\"async\" class=\"alignnone wp-image-639 size-medium\" src=\"https:\/\/editionhazard.ch\/wp-content\/uploads\/2023\/08\/Postkarte_Wuerstchen_ohne-300x213.jpg\" alt=\"\" width=\"300\" height=\"213\" srcset=\"https:\/\/editionhazard.ch\/wp-content\/uploads\/2023\/08\/Postkarte_Wuerstchen_ohne-300x213.jpg 300w, https:\/\/editionhazard.ch\/wp-content\/uploads\/2023\/08\/Postkarte_Wuerstchen_ohne.jpg 419w\" sizes=\"auto, (max-width: 300px) 100vw, 300px\" \/><\/p>\n<p>Postkartensujets nur auf dieser Website erh\u00e4ltlich.<\/p>\n<p>Bitte beachten: Die Mindestbestellmenge f\u00fcr Postkarten betr\u00e4gt 5 St\u00fcck, die Motive k\u00f6nnen dabei unterschiedlich sein. Die Lieferung ist im Preis inbegriffen.<\/p>\n<p>Keine Mindestmenge bei Bestellung zusammen mit einem Buch.<\/p>\n<p>Kein Versand ausserhalb der Schweiz, danke f\u00fcrs Verst\u00e4ndnis.<\/p>\n<p>Bitte beachten Sie: wir sind kein professioneller Versand. In der Regel verschicken wir Bestellungen nach sp\u00e4testens f\u00fcnf Tagen. Danke, dass Sie mit Ihrer Bestellung unsere Arbeit unterst\u00fctzen.<\/p>\n<p>&nbsp;<\/p>\n<p>&nbsp;<\/p>\n","protected":false},"excerpt":{"rendered":"<p>Postkartensujets nur auf dieser Website erh\u00e4ltlich. Bitte beachten: Die Mindestbestellmenge f\u00fcr Postkarten betr\u00e4gt 5 St\u00fcck, die Motive k\u00f6nnen dabei unterschiedlich sein. Die Lieferung ist im Preis inbegriffen. Keine Mindestmenge bei Bestellung zusammen mit einem Buch. Kein Versand ausserhalb der Schweiz, danke f\u00fcrs Verst\u00e4ndnis. Bitte beachten Sie: wir sind kein professioneller Versand. In der Regel verschicken&hellip;&nbsp;<a href=\"https:\/\/editionhazard.ch\/?product=postkarte-bockenxxx\" rel=\"bookmark\">Weiterlesen &raquo;<span class=\"screen-reader-text\">Postkarte &#8222;Bocken&#8220;<\/span><\/a><\/p>\n","protected":false},"featured_media":639,"comment_status":"open","ping_status":"closed","template":"","meta":{"neve_meta_sidebar":"","neve_meta_container":"","neve_meta_enable_content_width":"off","neve_meta_content_width":70,"neve_meta_title_alignment":"","neve_meta_author_avatar":"","neve_post_elements_order":"","neve_meta_disable_header":"","neve_meta_disable_footer":"","neve_meta_disable_title":""},"product_brand":[],"product_cat":[20],"product_tag":[22],"class_list":{"0":"post-630","1":"product","2":"type-product","3":"status-publish","4":"has-post-thumbnail","6":"product_cat-aphorismen","7":"product_tag-postkartensprueche","9":"first","10":"instock","11":"shipping-taxable","12":"purchasable","13":"product-type-simple"},"_links":{"self":[{"href":"https:\/\/editionhazard.ch\/index.php?rest_route=\/wp\/v2\/product\/630","targetHints":{"allow":["GET"]}}],"collection":[{"href":"https:\/\/editionhazard.ch\/index.php?rest_route=\/wp\/v2\/product"}],"about":[{"href":"https:\/\/editionhazard.ch\/index.php?rest_route=\/wp\/v2\/types\/product"}],"replies":[{"embeddable":true,"href":"https:\/\/editionhazard.ch\/index.php?rest_route=%2Fwp%2Fv2%2Fcomments&post=630"}],"wp:featuredmedia":[{"embeddable":true,"href":"https:\/\/editionhazard.ch\/index.php?rest_route=\/wp\/v2\/media\/639"}],"wp:attachment":[{"href":"https:\/\/editionhazard.ch\/index.php?rest_route=%2Fwp%2Fv2%2Fmedia&parent=630"}],"wp:term":[{"taxonomy":"product_brand","embeddable":true,"href":"https:\/\/editionhazard.ch\/index.php?rest_route=%2Fwp%2Fv2%2Fproduct_brand&post=630"},{"taxonomy":"product_cat","embeddable":true,"href":"https:\/\/editionhazard.ch\/index.php?rest_route=%2Fwp%2Fv2%2Fproduct_cat&post=630"},{"taxonomy":"product_tag","embeddable":true,"href":"https:\/\/editionhazard.ch\/index.php?rest_route=%2Fwp%2Fv2%2Fproduct_tag&post=630"}],"curies":[{"name":"wp","href":"https:\/\/api.w.org\/{rel}","templated":true}]}}