{"id":46,"date":"2020-06-03T07:23:27","date_gmt":"2020-06-03T07:23:27","guid":{"rendered":"http:\/\/editionhazard.ch\/?post_type=product&#038;p=46"},"modified":"2023-09-01T08:30:46","modified_gmt":"2023-09-01T08:30:46","slug":"im-durch-schnitt","status":"publish","type":"product","link":"https:\/\/editionhazard.ch\/?product=im-durch-schnitt","title":{"rendered":"Im Durchschnitt"},"content":{"rendered":"<p><img loading=\"lazy\" decoding=\"async\" class=\"alignnone size-medium wp-image-466\" src=\"https:\/\/editionhazard.ch\/wp-content\/uploads\/2020\/09\/EH_Lebenslaenglich_Cover_WEB-300x213.jpg\" alt=\"\" width=\"300\" height=\"213\" srcset=\"https:\/\/editionhazard.ch\/wp-content\/uploads\/2020\/09\/EH_Lebenslaenglich_Cover_WEB-300x213.jpg 300w, https:\/\/editionhazard.ch\/wp-content\/uploads\/2020\/09\/EH_Lebenslaenglich_Cover_WEB-768x545.jpg 768w, https:\/\/editionhazard.ch\/wp-content\/uploads\/2020\/09\/EH_Lebenslaenglich_Cover_WEB-600x426.jpg 600w, https:\/\/editionhazard.ch\/wp-content\/uploads\/2020\/09\/EH_Lebenslaenglich_Cover_WEB.jpg 874w\" sizes=\"auto, (max-width: 300px) 100vw, 300px\" \/><\/p>\n<p>Hintersinnige Einw\u00fcrfe zu vielen Lebenslagen und -klagen. Softcover, 98 Seiten.<\/p>\n<p>Lieferung ist im Preis inbegriffen, kein Versand ausserhalb der Schweiz. Danke f\u00fcrs Verst\u00e4ndnis.<\/p>\n<p>Bitte beachten Sie: wir sind kein professioneller Versand. In der Regel verschicken wir Bestellungen nach sp\u00e4testens f\u00fcnf Tagen. Danke, dass Sie mit Ihrer Bestellung unsere Arbeit unterst\u00fctzen.<\/p>\n<p>&nbsp;<\/p>\n<p>&nbsp;<\/p>\n","protected":false},"excerpt":{"rendered":"<p>Hintersinnige Einw\u00fcrfe zu vielen Lebenslagen und -klagen. Softcover, 98 Seiten. Lieferung ist im Preis inbegriffen, kein Versand ausserhalb der Schweiz. Danke f\u00fcrs Verst\u00e4ndnis. Bitte beachten Sie: wir sind kein professioneller Versand. In der Regel verschicken wir Bestellungen nach sp\u00e4testens f\u00fcnf Tagen. Danke, dass Sie mit Ihrer Bestellung unsere Arbeit unterst\u00fctzen. &nbsp; &nbsp;<\/p>\n","protected":false},"featured_media":466,"comment_status":"open","ping_status":"closed","template":"","meta":{"neve_meta_sidebar":"","neve_meta_container":"","neve_meta_enable_content_width":"off","neve_meta_content_width":70,"neve_meta_title_alignment":"","neve_meta_author_avatar":"","neve_post_elements_order":"","neve_meta_disable_header":"","neve_meta_disable_footer":"","neve_meta_disable_title":""},"product_brand":[],"product_cat":[20],"product_tag":[22],"class_list":{"0":"post-46","1":"product","2":"type-product","3":"status-publish","4":"has-post-thumbnail","6":"product_cat-aphorismen","7":"product_tag-postkartensprueche","9":"first","10":"instock","11":"shipping-taxable","12":"purchasable","13":"product-type-simple"},"_links":{"self":[{"href":"https:\/\/editionhazard.ch\/index.php?rest_route=\/wp\/v2\/product\/46","targetHints":{"allow":["GET"]}}],"collection":[{"href":"https:\/\/editionhazard.ch\/index.php?rest_route=\/wp\/v2\/product"}],"about":[{"href":"https:\/\/editionhazard.ch\/index.php?rest_route=\/wp\/v2\/types\/product"}],"replies":[{"embeddable":true,"href":"https:\/\/editionhazard.ch\/index.php?rest_route=%2Fwp%2Fv2%2Fcomments&post=46"}],"wp:featuredmedia":[{"embeddable":true,"href":"https:\/\/editionhazard.ch\/index.php?rest_route=\/wp\/v2\/media\/466"}],"wp:attachment":[{"href":"https:\/\/editionhazard.ch\/index.php?rest_route=%2Fwp%2Fv2%2Fmedia&parent=46"}],"wp:term":[{"taxonomy":"product_brand","embeddable":true,"href":"https:\/\/editionhazard.ch\/index.php?rest_route=%2Fwp%2Fv2%2Fproduct_brand&post=46"},{"taxonomy":"product_cat","embeddable":true,"href":"https:\/\/editionhazard.ch\/index.php?rest_route=%2Fwp%2Fv2%2Fproduct_cat&post=46"},{"taxonomy":"product_tag","embeddable":true,"href":"https:\/\/editionhazard.ch\/index.php?rest_route=%2Fwp%2Fv2%2Fproduct_tag&post=46"}],"curies":[{"name":"wp","href":"https:\/\/api.w.org\/{rel}","templated":true}]}}